{"id":2,"date":"2017-09-17T21:19:08","date_gmt":"2017-09-17T19:19:08","guid":{"rendered":"http:\/\/kompea.pl\/?page_id=2"},"modified":"2023-12-15T10:09:35","modified_gmt":"2023-12-15T09:09:35","slug":"przykladowa-strona","status":"publish","type":"page","link":"https:\/\/kompea.pl\/","title":{"rendered":"Start"},"content":{"rendered":"<p>[et_pb_section bb_built=&#8221;1&#8243; fullwidth=&#8221;on&#8221; _builder_version=&#8221;3.0.75&#8243;][et_pb_fullwidth_slider admin_label=&#8221;Serwis info&#8221; show_inner_shadow=&#8221;off&#8221; _builder_version=&#8221;3.0.89&#8243; background_position=&#8221;bottom_center&#8221; auto=&#8221;on&#8221;]<\/p>\n<p>[et_pb_slide heading=&#8221;Serwis informatyczny&#8221; button_text=&#8221;ZOBACZ WI\u0118CEJ&#8221; use_bg_overlay=&#8221;off&#8221; use_text_overlay=&#8221;off&#8221; alignment=&#8221;bottom&#8221; _builder_version=&#8221;3.0.89&#8243; header_font=&#8221;||||&#8221; header_text_align=&#8221;left&#8221; body_font=&#8221;||||&#8221; body_text_align=&#8221;left&#8221; background_image=&#8221;https:\/\/kompea.pl\/wp-content\/uploads\/2017\/09\/mainPic.jpg&#8221; text_orientation=&#8221;center&#8221; custom_button=&#8221;off&#8221; button_icon_placement=&#8221;right&#8221; button_on_hover=&#8221;on&#8221; button_alignment=&#8221;left&#8221; background_color=&#8221;#ffffff&#8221; parallax=&#8221;on&#8221;]Pe\u0142ne wsparcie IT wtedy, kiedy jest ono najbardziej potrzebne.<br \/>\n[\/et_pb_slide][et_pb_slide heading=&#8221;Ochrona danych osobowych&#8221; button_text=&#8221;DOWIEDZ SI\u0118 WI\u0118CEJ&#8221; use_bg_overlay=&#8221;on&#8221; use_text_overlay=&#8221;off&#8221; admin_title=&#8221;RODO&#8221; _builder_version=&#8221;3.0.76&#8243; header_font=&#8221;||||&#8221; header_text_align=&#8221;left&#8221; body_font=&#8221;||||&#8221; body_text_align=&#8221;left&#8221; background_image=&#8221;https:\/\/kompea.pl\/wp-content\/uploads\/2017\/09\/oko.png&#8221; background_position=&#8221;bottom_center&#8221; text_orientation=&#8221;left&#8221; custom_button=&#8221;off&#8221; button_icon_placement=&#8221;right&#8221; button_on_hover=&#8221;on&#8221; button_alignment=&#8221;left&#8221; background_color=&#8221;#ffffff&#8221;]25 maja 2018 roku wejdzie w \u017cycie nowe rozporz\u0105dzenie Parlamentu Europejskiego dotycz\u0105ce danych osobowych. Jeste\u015b na to przygotowany?<br \/>\n[\/et_pb_slide][et_pb_slide heading=&#8221;Strony internetowe&#8221; button_text=&#8221;SPRAWD\u0179 NAS&#8221; use_bg_overlay=&#8221;on&#8221; use_text_overlay=&#8221;off&#8221; _builder_version=&#8221;3.0.76&#8243; header_font=&#8221;||||&#8221; header_text_align=&#8221;left&#8221; body_font=&#8221;||||&#8221; body_text_align=&#8221;left&#8221; background_image=&#8221;https:\/\/kompea.pl\/wp-content\/uploads\/2017\/09\/wwwTest-1.png&#8221; text_orientation=&#8221;left&#8221; custom_button=&#8221;off&#8221; button_icon_placement=&#8221;right&#8221; button_on_hover=&#8221;on&#8221; button_alignment=&#8221;left&#8221; background_color=&#8221;#ffffff&#8221;]Chcesz by\u0107 widoczny w sieci?<br \/>\n[\/et_pb_slide][et_pb_slide heading=&#8221;Programowanie&#8221; button_text=&#8221;SPR\u00d3BUJ U NAS&#8221; use_bg_overlay=&#8221;on&#8221; use_text_overlay=&#8221;off&#8221; _builder_version=&#8221;3.0.76&#8243; header_font=&#8221;||||&#8221; header_text_align=&#8221;left&#8221; body_font=&#8221;||||&#8221; body_text_align=&#8221;left&#8221; background_image=&#8221;https:\/\/kompea.pl\/wp-content\/uploads\/2017\/09\/programowanie.png&#8221; text_orientation=&#8221;left&#8221; custom_button=&#8221;off&#8221; button_icon_placement=&#8221;right&#8221; button_on_hover=&#8221;on&#8221; button_alignment=&#8221;left&#8221; background_color=&#8221;#ffffff&#8221;]Nie znalaz\u0142e\u015b programu kt\u00f3ry rozwi\u0105za\u0142 Twoje problemy?<br \/>\n[\/et_pb_slide]<\/p>\n<p>[\/et_pb_fullwidth_slider][\/et_pb_section][et_pb_section bb_built=&#8221;1&#8243; _builder_version=&#8221;3.0.47&#8243; custom_padding=&#8221;0px|0px|0px|0px&#8221;][et_pb_row custom_padding=&#8221;63px|0px|68px|0px&#8221; _builder_version=&#8221;3.0.75&#8243;][et_pb_column type=&#8221;1_2&#8243;][et_pb_number_counter title=&#8221;Obs\u0142u\u017conych zg\u0142osze\u0144 w tym roku&#8221; number=&#8221;784&#8243; percent_sign=&#8221;off&#8221; _builder_version=&#8221;3.0.76&#8243; border_style=&#8221;solid&#8221; \/][\/et_pb_column][et_pb_column type=&#8221;1_2&#8243;][et_pb_number_counter title=&#8221;Grono naszych klient\u00f3w&#8221; number=&#8221;56&#8243; percent_sign=&#8221;off&#8221; _builder_version=&#8221;3.0.75&#8243; \/][\/et_pb_column][\/et_pb_row][\/et_pb_section][et_pb_section bb_built=&#8221;1&#8243; background_color=&#8221;#5eb80f&#8221; _builder_version=&#8221;3.0.75&#8243; custom_padding=&#8221;50.5156px|0px|18px|0px&#8221;][et_pb_row make_fullwidth=&#8221;on&#8221; _builder_version=&#8221;3.0.75&#8243; custom_css_main_element=&#8221;color:white;&#8221;][et_pb_column type=&#8221;4_4&#8243;][et_pb_text _builder_version=&#8221;3.0.75&#8243;]<\/p>\n<p><span style=\"font-size: large; color: #ffffff;\"><strong>Kompea.pl<\/strong> powsta\u0142a w roku 2005 &#8211; wtedy jeszcze jako Friendly Programming &#8211; zajmowali\u015bmy si\u0119 g\u0142\u00f3wnie programowaniem aplikacji web.<\/span><\/p>\n<p><span style=\"font-size: large; color: #ffffff;\">Dzisiaj \u015bwiadczymy szeroki wachlarz us\u0142ug dla ma\u0142ych i \u015brednich przedsi\u0119biorstw polskich i mi\u0119dzynarodowych:<\/span><\/p>\n<ul>\n<li><span style=\"font-size: large; color: #ffffff;\">zarz\u0105dzamy sieciami<\/span><\/li>\n<li><span style=\"font-size: large; color: #ffffff;\">administrujemy serwerami i stacjami roboczymi<\/span><\/li>\n<li><span style=\"font-size: large; color: #ffffff;\">stanowimy <strong>pomoc techniczn\u0105<\/strong> dla naszych klient\u00f3w<\/span><\/li>\n<li><span style=\"font-size: large; color: #ffffff;\">doradzamy w wyborze rozwi\u0105za\u0144 IT<\/span><\/li>\n<li><span style=\"font-size: large; color: #ffffff;\">tworzymy <strong>strony internetowe i aplikacje web<\/strong><\/span><\/li>\n<li><span style=\"font-size: large; color: #ffffff;\">zajmujemy si\u0119 bezpiecze\u0144stwem informatycznym &#8211; wdra\u017camy nowe rozporz\u0105dzenie o ochronie danych osobowych <strong>(RODO)<\/strong><\/span><\/li>\n<\/ul>\n<p><span style=\"font-size: large; color: #ffffff;\">Nasz zesp\u00f3\u0142 to grupa wykfalifikowanych informatyk\u00f3w, znaj\u0105cych j\u0119zyk angielski i nieustannie wzbogacaj\u0105cych swoj\u0105 wiedz\u0119 i praktyczne umiej\u0119tno\u015bci.<\/span><\/p>\n<p>[\/et_pb_text][\/et_pb_column][\/et_pb_row][\/et_pb_section][et_pb_section bb_built=&#8221;1&#8243; _builder_version=&#8221;3.0.47&#8243; custom_padding=&#8221;0px|0px|0px|0px&#8221;][et_pb_row custom_padding=&#8221;52px|0px|37px|40px&#8221; custom_margin=&#8221;|||&#8221; _builder_version=&#8221;3.0.75&#8243; background_size=&#8221;initial&#8221; background_position=&#8221;top_left&#8221; background_repeat=&#8221;repeat&#8221; module_alignment=&#8221;left&#8221;][et_pb_column type=&#8221;4_4&#8243;][et_pb_text admin_label=&#8221;Tytu\u0142- zaufali nam&#8221; _builder_version=&#8221;3.0.75&#8243; background_color=&#8221;#ffffff&#8221;]<\/p>\n<h1>Zaufali nam<\/h1>\n<p>[\/et_pb_text][\/et_pb_column][\/et_pb_row][\/et_pb_section][et_pb_section bb_built=&#8221;1&#8243; background_color=&#8221;#ffffff&#8221; module_class=&#8221;ds-carousel-section&#8221; _builder_version=&#8221;3.0.75&#8243; custom_margin=&#8221;0px||30px|&#8221; custom_padding=&#8221;0px||0px|&#8221;][et_pb_row make_fullwidth=&#8221;on&#8221; use_custom_gutter=&#8221;on&#8221; gutter_width=&#8221;1&#8243; custom_padding=&#8221;0px||0px|&#8221; custom_margin=&#8221;0px||0px|&#8221; background_color=&#8221;#ffffff&#8221; padding_top_1=&#8221;0px&#8221; padding_bottom_1=&#8221;0px&#8221; module_class=&#8221;ds-image-carousel ds-image-carousel-first&#8221; _builder_version=&#8221;3.0.75&#8243; module_alignment=&#8221;center&#8221;][et_pb_column type=&#8221;4_4&#8243;][et_pb_image admin_label=&#8221;Z\u0142ote Ziarno&#8221; src=&#8221;https:\/\/kompea.pl\/wp-content\/uploads\/2017\/09\/zlote.png&#8221; url_new_window=&#8221;on&#8221; show_bottom_space=&#8221;off&#8221; align=&#8221;center&#8221; module_class=&#8221;ds-carousel-logo&#8221; _builder_version=&#8221;3.0.75&#8243; background_color=&#8221;#ffffff&#8221; \/][et_pb_image admin_label=&#8221;Makowski Wilk Wr\u00f3blewski&#8221; src=&#8221;https:\/\/kompea.pl\/wp-content\/uploads\/2017\/09\/WM_logo2.png&#8221; url_new_window=&#8221;on&#8221; show_bottom_space=&#8221;off&#8221; align=&#8221;center&#8221; module_class=&#8221;ds-carousel-logo&#8221; _builder_version=&#8221;3.0.75&#8243; background_color=&#8221;#ffffff&#8221; \/][et_pb_image admin_label=&#8221;Tergopower&#8221; src=&#8221;https:\/\/kompea.pl\/wp-content\/uploads\/2017\/09\/tergopower.png&#8221; url_new_window=&#8221;on&#8221; show_bottom_space=&#8221;off&#8221; align=&#8221;center&#8221; module_class=&#8221;ds-carousel-logo&#8221; _builder_version=&#8221;3.0.75&#8243; background_color=&#8221;#ffffff&#8221; \/][et_pb_image admin_label=&#8221;Lauder&#8221; src=&#8221;https:\/\/kompea.pl\/wp-content\/uploads\/2017\/09\/logoZSLM.png&#8221; show_bottom_space=&#8221;off&#8221; align=&#8221;center&#8221; module_class=&#8221;ds-carousel-logo&#8221; _builder_version=&#8221;3.0.75&#8243; background_color=&#8221;#ffffff&#8221; \/][et_pb_image admin_label=&#8221;Sarstedt&#8221; src=&#8221;https:\/\/kompea.pl\/wp-content\/uploads\/2017\/09\/sardtedt.png&#8221; url_new_window=&#8221;on&#8221; show_bottom_space=&#8221;off&#8221; align=&#8221;center&#8221; module_class=&#8221;ds-carousel-logo&#8221; _builder_version=&#8221;3.0.75&#8243; background_color=&#8221;#ffffff&#8221; \/][\/et_pb_column][\/et_pb_row][et_pb_row make_fullwidth=&#8221;on&#8221; use_custom_gutter=&#8221;on&#8221; gutter_width=&#8221;1&#8243; custom_padding=&#8221;0px||0px|&#8221; custom_margin=&#8221;0px||0px|&#8221; background_color=&#8221;#ffffff&#8221; padding_top_1=&#8221;0px&#8221; padding_bottom_1=&#8221;0px&#8221; module_class=&#8221;ds-image-carousel ds-image-carousel-second&#8221; _builder_version=&#8221;3.0.75&#8243; module_alignment=&#8221;center&#8221;][et_pb_column type=&#8221;4_4&#8243;][et_pb_image admin_label=&#8221;Lampart&#8221; src=&#8221;https:\/\/kompea.pl\/wp-content\/uploads\/2017\/09\/lampart-1.png&#8221; align=&#8221;center&#8221; module_class=&#8221;ds-carousel-logo&#8221; _builder_version=&#8221;3.0.75&#8243; \/][et_pb_image admin_label=&#8221;Ferring&#8221; src=&#8221;https:\/\/kompea.pl\/wp-content\/uploads\/2017\/09\/ferring.png&#8221; align=&#8221;center&#8221; module_class=&#8221;ds-carousel-logo&#8221; _builder_version=&#8221;3.0.75&#8243; \/][et_pb_image admin_label=&#8221;CSWP&#8221; src=&#8221;https:\/\/kompea.pl\/wp-content\/uploads\/2017\/09\/cswp.png&#8221; align=&#8221;center&#8221; module_class=&#8221;ds-carousel-logo&#8221; _builder_version=&#8221;3.0.75&#8243; \/][et_pb_image admin_label=&#8221;gryn&#8221; src=&#8221;https:\/\/kompea.pl\/wp-content\/uploads\/2017\/09\/gryn.png&#8221; url_new_window=&#8221;on&#8221; align=&#8221;center&#8221; module_class=&#8221;ds-carousel-logo&#8221; _builder_version=&#8221;3.0.75&#8243; \/][et_pb_image admin_label=&#8221;Thea&#8221; src=&#8221;https:\/\/kompea.pl\/wp-content\/uploads\/2017\/09\/thea.png&#8221; url_new_window=&#8221;on&#8221; align=&#8221;center&#8221; module_class=&#8221;ds-carousel-logo&#8221; _builder_version=&#8221;3.0.75&#8243; \/][\/et_pb_column][\/et_pb_row][et_pb_row make_fullwidth=&#8221;on&#8221; use_custom_gutter=&#8221;on&#8221; gutter_width=&#8221;1&#8243; custom_padding=&#8221;0px||0px|&#8221; custom_margin=&#8221;0px||0px|&#8221; background_color=&#8221;#ffffff&#8221; padding_top_1=&#8221;0px&#8221; padding_bottom_1=&#8221;0px&#8221; module_class=&#8221;ds-image-carousel ds-image-carousel-third&#8221; _builder_version=&#8221;3.0.75&#8243; module_alignment=&#8221;center&#8221;][et_pb_column type=&#8221;4_4&#8243;][et_pb_image admin_label=&#8221;Z\u0142ote Ziarno 2&#8243; src=&#8221;https:\/\/kompea.pl\/wp-content\/uploads\/2017\/09\/zlote.png&#8221; url_new_window=&#8221;on&#8221; align=&#8221;center&#8221; module_class=&#8221;ds-carousel-logo&#8221; _builder_version=&#8221;3.0.75&#8243; \/][et_pb_image admin_label=&#8221;MWW&#8221; src=&#8221;https:\/\/kompea.pl\/wp-content\/uploads\/2017\/09\/WM_logo2.png&#8221; url_new_window=&#8221;on&#8221; align=&#8221;center&#8221; module_class=&#8221;ds-carousel-logo&#8221; _builder_version=&#8221;3.0.75&#8243; \/][et_pb_image admin_label=&#8221;tergo&#8221; src=&#8221;https:\/\/kompea.pl\/wp-content\/uploads\/2017\/09\/tergopower.png&#8221; url_new_window=&#8221;on&#8221; align=&#8221;center&#8221; module_class=&#8221;ds-carousel-logo&#8221; _builder_version=&#8221;3.0.75&#8243; \/][et_pb_image admin_label=&#8221;Lauder&#8221; src=&#8221;https:\/\/kompea.pl\/wp-content\/uploads\/2017\/09\/logoZSLM.png&#8221; url_new_window=&#8221;on&#8221; align=&#8221;center&#8221; module_class=&#8221;ds-carousel-logo&#8221; _builder_version=&#8221;3.0.75&#8243; \/][et_pb_image admin_label=&#8221;Sarstedt&#8221; src=&#8221;https:\/\/kompea.pl\/wp-content\/uploads\/2017\/09\/sardtedt.png&#8221; url_new_window=&#8221;on&#8221; align=&#8221;center&#8221; module_class=&#8221;ds-carousel-logo&#8221; _builder_version=&#8221;3.0.75&#8243; \/][\/et_pb_column][\/et_pb_row][\/et_pb_section][et_pb_section bb_built=&#8221;1&#8243; module_class=&#8221;ds-carousel-section&#8221; _builder_version=&#8221;3.0.76&#8243; custom_padding=&#8221;0px||0px|&#8221; background_image=&#8221;https:\/\/kompea.pl\/wp-content\/uploads\/2017\/09\/kontakt.png&#8221; background_position=&#8221;top_left&#8221; inner_shadow=&#8221;on&#8221; global_module=&#8221;302&#8243;][et_pb_row global_parent=&#8221;302&#8243; _builder_version=&#8221;3.0.76&#8243; background_color=&#8221;rgba(0,0,0,0.47)&#8221; custom_margin=&#8221;0px|||&#8221; padding_top_1=&#8221;40px&#8221; padding_right_1=&#8221;0px&#8221; padding_bottom_1=&#8221;170px&#8221; padding_left_1=&#8221;45px&#8221; padding_top_2=&#8221;40px&#8221; padding_right_2=&#8221;45px&#8221; padding_bottom_2=&#8221;170px&#8221; padding_left_2=&#8221;0px&#8221; make_fullwidth=&#8221;on&#8221; use_custom_gutter=&#8221;on&#8221; gutter_width=&#8221;1&#8243; make_equal=&#8221;on&#8221;][et_pb_column type=&#8221;2_3&#8243;][et_pb_contact_form global_parent=&#8221;302&#8243; _builder_version=&#8221;3.0.76&#8243; title=&#8221;Napisz do nas&#8221; success_message=&#8221;Dzi\u0119kujemy za wiadomo\u015b\u0107. Odpowiemy tak szybko jak to mo\u017cliwe.&#8221; submit_button_text=&#8221;Wy\u015blij&#8221; email=&#8221;info@kompea.pl&#8221; captcha=&#8221;on&#8221; use_redirect=&#8221;off&#8221; input_border_radius=&#8221;0&#8243; border_style=&#8221;solid&#8221; custom_button=&#8221;off&#8221; button_letter_spacing=&#8221;0&#8243; button_icon_placement=&#8221;right&#8221; button_letter_spacing_hover=&#8221;0&#8243; custom_css_main_element=&#8221;color:white;&#8221; custom_css_captcha_field=&#8221;background:none; color:white; border: 2px solid white;&#8221; custom_css_captcha_label=&#8221;color:white;&#8221; custom_css_contact_title=&#8221;color:white;&#8221; custom_css_contact_button=&#8221;color:white; border:color:white;&#8221; module_id=&#8221;kontakt&#8221;]<\/p>\n<p>[et_pb_contact_field field_title=&#8221;Imi\u0119 i nazwisko&#8221; field_type=&#8221;input&#8221; field_id=&#8221;Name_PL&#8221; required_mark=&#8221;on&#8221; fullwidth_field=&#8221;off&#8221; _builder_version=&#8221;3.0.76&#8243; checkbox_checked=&#8221;off&#8221; checkbox_options=&#8221;%91{%22value%22:%22Nazwa%22,%22checked%22:0}%93&#8243; radio_options=&#8221;%91{%22value%22:%22Nazwa%22,%22checked%22:0}%93&#8243; select_options=&#8221;%91{%22value%22:%22Nazwa%22,%22checked%22:0}%93&#8243; min_length=&#8221;0&#8243; max_length=&#8221;0&#8243; allowed_symbols=&#8221;all&#8221; conditional_logic=&#8221;off&#8221; conditional_logic_relation=&#8221;off&#8221; conditional_logic_rules=&#8221;%91{%22field%22:%22email_en%22,%22condition%22:%22is%22,%22value%22:%22%22}%93&#8243; use_background_color_gradient=&#8221;off&#8221; background_color_gradient_start=&#8221;#2b87da&#8221; background_color_gradient_end=&#8221;#29c4a9&#8243; background_color_gradient_type=&#8221;linear&#8221; background_color_gradient_direction=&#8221;180deg&#8221; background_color_gradient_direction_radial=&#8221;center&#8221; background_color_gradient_start_position=&#8221;0%&#8221; background_color_gradient_end_position=&#8221;100%&#8221; parallax=&#8221;off&#8221; parallax_method=&#8221;on&#8221; background_size=&#8221;cover&#8221; background_position=&#8221;center&#8221; background_repeat=&#8221;no-repeat&#8221; background_blend=&#8221;normal&#8221; allow_player_pause=&#8221;off&#8221; text_orientation=&#8221;left&#8221; field_background_color=&#8221;rgba(0,0,0,0)&#8221; form_field_font_select=&#8221;default&#8221; form_field_font=&#8221;||||&#8221; form_field_text_color=&#8221;#ffffff&#8221; input_border_radius=&#8221;10&#8243; use_border_color=&#8221;on&#8221; border_color=&#8221;#ffffff&#8221; border_width=&#8221;2&#8243; border_style=&#8221;solid&#8221; custom_css_main_element=&#8221;color:white;&#8221; \/][et_pb_contact_field field_title=&#8221;Email&#8221; field_type=&#8221;email&#8221; field_id=&#8221;Email_PL&#8221; required_mark=&#8221;on&#8221; fullwidth_field=&#8221;off&#8221; _builder_version=&#8221;3.0.76&#8243; checkbox_checked=&#8221;off&#8221; checkbox_options=&#8221;%91{%22value%22:%22Adres mejlowy%22,%22checked%22:0}%93&#8243; radio_options=&#8221;%91{%22value%22:%22Adres mejlowy%22,%22checked%22:0}%93&#8243; select_options=&#8221;%91{%22value%22:%22Adres mejlowy%22,%22checked%22:0}%93&#8243; min_length=&#8221;0&#8243; max_length=&#8221;0&#8243; allowed_symbols=&#8221;all&#8221; conditional_logic=&#8221;off&#8221; conditional_logic_relation=&#8221;off&#8221; conditional_logic_rules=&#8221;%91{%22field%22:%22name_pl%22,%22condition%22:%22is%22,%22value%22:%22%22}%93&#8243; background_color=&#8221;rgba(255,255,255,0)&#8221; use_background_color_gradient=&#8221;off&#8221; background_color_gradient_start=&#8221;#2b87da&#8221; background_color_gradient_end=&#8221;#29c4a9&#8243; background_color_gradient_type=&#8221;linear&#8221; background_color_gradient_direction=&#8221;180deg&#8221; background_color_gradient_direction_radial=&#8221;center&#8221; background_color_gradient_start_position=&#8221;0%&#8221; background_color_gradient_end_position=&#8221;100%&#8221; parallax=&#8221;off&#8221; parallax_method=&#8221;on&#8221; background_size=&#8221;cover&#8221; background_position=&#8221;center&#8221; background_repeat=&#8221;no-repeat&#8221; background_blend=&#8221;normal&#8221; allow_player_pause=&#8221;off&#8221; field_background_color=&#8221;rgba(0,0,0,0)&#8221; form_field_font_select=&#8221;default&#8221; form_field_font=&#8221;||||&#8221; form_field_text_color=&#8221;#ffffff&#8221; use_border_color=&#8221;on&#8221; border_color=&#8221;#ffffff&#8221; border_width=&#8221;2&#8243; border_style=&#8221;solid&#8221; text_orientation=&#8221;left&#8221; form_field_text_align=&#8221;left&#8221; input_border_radius=&#8221;10&#8243; \/][et_pb_contact_field field_title=&#8221;Wiadomo\u015b\u0107&#8221; field_type=&#8221;text&#8221; field_id=&#8221;Message_PL&#8221; required_mark=&#8221;on&#8221; fullwidth_field=&#8221;on&#8221; _builder_version=&#8221;3.0.76&#8243; checkbox_checked=&#8221;off&#8221; checkbox_options=&#8221;%91{%22value%22:%22Wiadomo\u015b\u0107%22,%22checked%22:0}%93&#8243; radio_options=&#8221;%91{%22value%22:%22Wiadomo\u015b\u0107%22,%22checked%22:0}%93&#8243; select_options=&#8221;%91{%22value%22:%22Wiadomo\u015b\u0107%22,%22checked%22:0}%93&#8243; min_length=&#8221;0&#8243; max_length=&#8221;0&#8243; allowed_symbols=&#8221;all&#8221; conditional_logic=&#8221;off&#8221; conditional_logic_relation=&#8221;off&#8221; conditional_logic_rules=&#8221;%91{%22field%22:%22name_pl%22,%22condition%22:%22is%22,%22value%22:%22%22}%93&#8243; use_background_color_gradient=&#8221;off&#8221; background_color_gradient_start=&#8221;#2b87da&#8221; background_color_gradient_end=&#8221;#29c4a9&#8243; background_color_gradient_type=&#8221;linear&#8221; background_color_gradient_direction=&#8221;180deg&#8221; background_color_gradient_direction_radial=&#8221;center&#8221; background_color_gradient_start_position=&#8221;0%&#8221; background_color_gradient_end_position=&#8221;100%&#8221; parallax=&#8221;off&#8221; parallax_method=&#8221;on&#8221; background_size=&#8221;cover&#8221; background_position=&#8221;center&#8221; background_repeat=&#8221;no-repeat&#8221; background_blend=&#8221;normal&#8221; allow_player_pause=&#8221;off&#8221; text_orientation=&#8221;left&#8221; field_background_color=&#8221;rgba(0,0,0,0)&#8221; form_field_font_select=&#8221;default&#8221; form_field_font=&#8221;||||&#8221; form_field_text_align=&#8221;left&#8221; form_field_text_color=&#8221;#ffffff&#8221; input_border_radius=&#8221;10&#8243; use_border_color=&#8221;on&#8221; border_color=&#8221;#ffffff&#8221; border_width=&#8221;2&#8243; border_style=&#8221;solid&#8221; \/]<\/p>\n<p>[\/et_pb_contact_form][\/et_pb_column][et_pb_column type=&#8221;1_3&#8243;][et_pb_text global_parent=&#8221;302&#8243; _builder_version=&#8221;3.0.89&#8243; background_layout=&#8221;dark&#8221; border_style=&#8221;solid&#8221; custom_padding=&#8221;45px|45px||&#8221;]<\/p>\n<h2 style=\"text-align: right;\">kompea.pl sp. z o.o.<\/h2>\n<p style=\"text-align: right; font-size: 1.25em;\">ul. Okopowa 47\/44<br \/> 01-059 Warszawa<br \/> e: helpdesk@kompea.pl<br \/> tel: 727 44 22 44<br \/> NIP: 5272986466<\/p>\n<\/p>\n<p>[\/et_pb_text][\/et_pb_column][\/et_pb_row][\/et_pb_section]<\/p>\n","protected":false},"excerpt":{"rendered":"<p>Pe\u0142ne wsparcie IT wtedy, kiedy jest ono najbardziej potrzebne. 25 maja 2018 roku wejdzie w \u017cycie nowe rozporz\u0105dzenie Parlamentu Europejskiego dotycz\u0105ce danych osobowych. Jeste\u015b na to przygotowany? Chcesz by\u0107 widoczny w sieci? Nie znalaz\u0142e\u015b programu kt\u00f3ry rozwi\u0105za\u0142 Twoje problemy? Kompea.pl powsta\u0142a w roku 2005 &#8211; wtedy jeszcze jako Friendly Programming &#8211; zajmowali\u015bmy si\u0119 g\u0142\u00f3wnie programowaniem [&hellip;]<\/p>\n","protected":false},"author":1,"featured_media":0,"parent":0,"menu_order":0,"comment_status":"closed","ping_status":"open","template":"","meta":{"_et_pb_use_builder":"on","_et_pb_old_content":"<p>To jest przyk\u0142adowa strona. Strony s\u0105 inne ni\u017c wpisy na blogu, poniewa\u017c nie tylko znajduj\u0105 si\u0119 zawsze w jednym miejscu, ale tak\u017ce pojawiaj\u0105 si\u0119 w menu witryny (w wi\u0119kszo\u015bci motyw\u00f3w). Wi\u0119kszo\u015b\u0107 u\u017cytkownik\u00f3w umieszcza na swoich witrynach stron\u0119 z informacjami o sobie, dzi\u0119ki kt\u00f3rym przedstawiaj\u0105 si\u0119 odwiedzaj\u0105cym ich witryn\u0119. Taka strona mo\u017ce zawiera\u0107 na przyk\u0142ad taki tekst:<\/p><blockquote><p>Cze\u015b\u0107! Za dnia jestem go\u0144cem, a noc\u0105 pr\u00f3buj\u0119 swoich si\u0142 w aktorstwie. To jest moja witryna. Mieszkam w Los Angeles, mam wspania\u0142ego psa, kt\u00f3ry wabi si\u0119 Jack i lubi\u0119 pi\u00f1a colad\u0119 (a tak\u017ce spacery, gdy pada deszcz).<\/p><\/blockquote><p>... lub taki:<\/p><blockquote><p>Firma Wihajstry XYZ zosta\u0142a za\u0142o\u017cona w 1971 roku i od pocz\u0105tku swojego istnienia zajmuje si\u0119 produkcj\u0105 najlepszych wihajstr\u00f3w. W naszej siedzibie w Gotham City pracuje ponad 2000 os\u00f3b, kt\u00f3re zajmuj\u0105 si\u0119 robieniem ca\u0142ej masy fantastycznych rzeczy dla mieszka\u0144c\u00f3w Gotham.<\/p><\/blockquote><p>Jako nowy u\u017cytkownik WordPressa powiniene\u015b przej\u015b\u0107 do <a href=\"https:\/\/kompea.pl\/wp-admin\/\">swojego kokpitu<\/a>, aby usun\u0105\u0107 t\u0119 stron\u0119 i utworzy\u0107 nowe strony z w\u0142asn\u0105 tre\u015bci\u0105. Baw si\u0119 dobrze!<\/p>","_et_gb_content_width":"","footnotes":""},"class_list":["post-2","page","type-page","status-publish","hentry"],"_links":{"self":[{"href":"https:\/\/kompea.pl\/index.php\/wp-json\/wp\/v2\/pages\/2"}],"collection":[{"href":"https:\/\/kompea.pl\/index.php\/wp-json\/wp\/v2\/pages"}],"about":[{"href":"https:\/\/kompea.pl\/index.php\/wp-json\/wp\/v2\/types\/page"}],"author":[{"embeddable":true,"href":"https:\/\/kompea.pl\/index.php\/wp-json\/wp\/v2\/users\/1"}],"replies":[{"embeddable":true,"href":"https:\/\/kompea.pl\/index.php\/wp-json\/wp\/v2\/comments?post=2"}],"version-history":[{"count":96,"href":"https:\/\/kompea.pl\/index.php\/wp-json\/wp\/v2\/pages\/2\/revisions"}],"predecessor-version":[{"id":793,"href":"https:\/\/kompea.pl\/index.php\/wp-json\/wp\/v2\/pages\/2\/revisions\/793"}],"wp:attachment":[{"href":"https:\/\/kompea.pl\/index.php\/wp-json\/wp\/v2\/media?parent=2"}],"curies":[{"name":"wp","href":"https:\/\/api.w.org\/{rel}","templated":true}]}}