{"id":470,"date":"2017-09-25T03:46:16","date_gmt":"2017-09-25T01:46:16","guid":{"rendered":"http:\/\/kompea.pl\/?page_id=470"},"modified":"2023-12-15T10:27:15","modified_gmt":"2023-12-15T09:27:15","slug":"bezpieczenstwo","status":"publish","type":"page","link":"https:\/\/kompea.pl\/index.php\/bezpieczenstwo\/","title":{"rendered":"Bezpiecze\u0144stwo"},"content":{"rendered":"<p>[et_pb_section bb_built=&#8221;1&#8243; _builder_version=&#8221;3.0.76&#8243; background_image=&#8221;https:\/\/kompea.pl\/wp-content\/uploads\/2017\/09\/bezpiecze\u0144stwo.jpg&#8221; custom_margin=&#8221;0px||0px|&#8221; custom_padding=&#8221;0px||0px|&#8221;][et_pb_row _builder_version=&#8221;3.0.76&#8243; custom_css_main_element=&#8221;min-width: 100% ! important;&#8221; custom_margin=&#8221;0px||0px|&#8221; custom_padding=&#8221;0px||0px|&#8221; background_color=&#8221;rgba(0,0,0,0.4)&#8221;][et_pb_column type=&#8221;4_4&#8243;][et_pb_text _builder_version=&#8221;3.0.76&#8243; background_layout=&#8221;dark&#8221; border_style=&#8221;solid&#8221; custom_margin=&#8221;0px||0px|&#8221; custom_padding=&#8221;150px|0px|100px|0px&#8221; text_orientation=&#8221;center&#8221; module_alignment=&#8221;center&#8221; header_text_align=&#8221;center&#8221; max_width=&#8221;75%&#8221; header_line_height=&#8221;2.5em&#8221;]<\/p>\n<h2 style=\"text-align: center; line-height: 1.5em;font-size:3em;\">Czy wiesz, \u017ce naruszenie niekt\u00f3rych przepis\u00f3w dotycz\u0105cych ochrony danych osobowych, mo\u017ce skutkowa\u0107 kar\u0105 administracyjn\u0105 do wysoko\u015bci 20 milion\u00f3w Euro ?<\/h2>\n<p>[\/et_pb_text][\/et_pb_column][\/et_pb_row][\/et_pb_section][et_pb_section bb_built=&#8221;1&#8243; fullwidth=&#8221;off&#8221; specialty=&#8221;off&#8221;][et_pb_row][et_pb_column type=&#8221;2_3&#8243;][et_pb_text _builder_version=&#8221;3.0.76&#8243; background_layout=&#8221;light&#8221; border_style=&#8221;solid&#8221; text_font_size=&#8221;16&#8243;]<\/p>\n<h2>Przygotuj si\u0119 na najgorsze. Jak najlepiej.<\/h2>\n<p>&nbsp;<\/p>\n<p style=\"text-align: justify;\"><strong>Bezpiecze\u0144stwo IT<\/strong> to jeden z kluczowych element\u00f3w w obszarze dzia\u0142ania firmy, niestety cz\u0119sto niedoceniany.\u00a0 Proponujemy stworzenie i wdro\u017cenie procedur, kt\u00f3re ochroni\u0105 Pa\u0144stwa dane przed niepowo\u0142anym dost\u0119pem. Bazuj\u0105c na naszym wieloletnim do\u015bwiadczeniu pomo\u017cemy zidentyfikowa\u0107 krytyczne punkty i postaramy si\u0119 zminimalizowa\u0107 niebezpiecze\u0144stwo utraty danych.<\/p>\n<p style=\"text-align: justify;\"><strong>Ochrona danych osobowych<\/strong> to kolejny obszar naszych dzia\u0142a\u0144. W zwi\u0105zku z wej\u015bciem w \u017cycie nowych regulacji prawnych oferujemy dostosowanie metod przetwarzania danych i prowadzenia dokumentacji dla Pa\u0144stwa firmy. Od dnia 25 maja 2018 r. to na podmiocie przetwarzaj\u0105cym dane spoczywa\u0107 b\u0119dzie obowi\u0105zek udowodnienia prawid\u0142owo\u015bci przetwarzania danych. \u015awiadczymy us\u0142ug\u0119 przej\u0119cia obowi\u0105zk\u00f3w Inspektora Ochrony Danych, kt\u00f3ry w praktyce b\u0119dzie musia\u0142 zosta\u0107 powo\u0142any w ka\u017cdym przedsi\u0119biorstwie.<\/p>\n<p>[\/et_pb_text][\/et_pb_column][et_pb_column type=&#8221;1_3&#8243;][et_pb_image _builder_version=&#8221;3.0.76&#8243; src=&#8221;https:\/\/kompea.pl\/wp-content\/uploads\/2017\/09\/odo24.jpg&#8221; show_in_lightbox=&#8221;on&#8221; url_new_window=&#8221;off&#8221; use_overlay=&#8221;off&#8221; always_center_on_mobile=&#8221;on&#8221; border_style=&#8221;solid&#8221; force_fullwidth=&#8221;off&#8221; show_bottom_space=&#8221;on&#8221; \/][\/et_pb_column][\/et_pb_row][\/et_pb_section][et_pb_section bb_built=&#8221;1&#8243; module_class=&#8221;ds-carousel-section&#8221; _builder_version=&#8221;3.0.76&#8243; custom_padding=&#8221;0px||0px|&#8221; background_image=&#8221;https:\/\/kompea.pl\/wp-content\/uploads\/2017\/09\/kontakt.png&#8221; background_position=&#8221;top_left&#8221; inner_shadow=&#8221;on&#8221;][et_pb_row _builder_version=&#8221;3.0.76&#8243; background_color=&#8221;rgba(0,0,0,0.47)&#8221; custom_margin=&#8221;0px|||&#8221; padding_top_1=&#8221;40px&#8221; padding_right_1=&#8221;0px&#8221; padding_bottom_1=&#8221;170px&#8221; padding_left_1=&#8221;45px&#8221; padding_top_2=&#8221;40px&#8221; padding_right_2=&#8221;45px&#8221; padding_bottom_2=&#8221;170px&#8221; padding_left_2=&#8221;0px&#8221; make_fullwidth=&#8221;on&#8221; use_custom_gutter=&#8221;on&#8221; gutter_width=&#8221;1&#8243; make_equal=&#8221;on&#8221; module_id=&#8221;kontakt&#8221;][et_pb_column type=&#8221;2_3&#8243;][et_pb_contact_form _builder_version=&#8221;3.0.76&#8243; title=&#8221;Napisz do nas&#8221; success_message=&#8221;Dzi\u0119kujemy za wiadomo\u015b\u0107. Odpowiemy tak szybko jak to mo\u017cliwe.&#8221; submit_button_text=&#8221;Wy\u015blij&#8221; email=&#8221;info@kompea.pl&#8221; captcha=&#8221;on&#8221; use_redirect=&#8221;off&#8221; input_border_radius=&#8221;0&#8243; border_style=&#8221;solid&#8221; custom_button=&#8221;off&#8221; button_letter_spacing=&#8221;0&#8243; button_icon_placement=&#8221;right&#8221; button_letter_spacing_hover=&#8221;0&#8243; custom_css_main_element=&#8221;color:white;&#8221; custom_css_captcha_field=&#8221;background:none; color:white; border: 2px solid white;&#8221; custom_css_captcha_label=&#8221;color:white;&#8221; custom_css_contact_title=&#8221;color:white;&#8221; custom_css_contact_button=&#8221;color:white; border:color:white;&#8221; border_radii=&#8221;on|0px|0px|0px|0px&#8221;]<\/p>\n<p>[et_pb_contact_field field_title=&#8221;Imi\u0119 i nazwisko&#8221; field_type=&#8221;input&#8221; field_id=&#8221;Name_PL&#8221; required_mark=&#8221;on&#8221; fullwidth_field=&#8221;off&#8221; _builder_version=&#8221;3.0.76&#8243; checkbox_checked=&#8221;off&#8221; checkbox_options=&#8221;%91{%22value%22:%22Nazwa%22,%22checked%22:0}%93&#8243; radio_options=&#8221;%91{%22value%22:%22Nazwa%22,%22checked%22:0}%93&#8243; select_options=&#8221;%91{%22value%22:%22Nazwa%22,%22checked%22:0}%93&#8243; min_length=&#8221;0&#8243; max_length=&#8221;0&#8243; allowed_symbols=&#8221;all&#8221; conditional_logic=&#8221;off&#8221; conditional_logic_relation=&#8221;off&#8221; conditional_logic_rules=&#8221;%91{%22field%22:%22email_en%22,%22condition%22:%22is%22,%22value%22:%22%22}%93&#8243; use_background_color_gradient=&#8221;off&#8221; background_color_gradient_start=&#8221;#2b87da&#8221; background_color_gradient_end=&#8221;#29c4a9&#8243; background_color_gradient_type=&#8221;linear&#8221; background_color_gradient_direction=&#8221;180deg&#8221; background_color_gradient_direction_radial=&#8221;center&#8221; background_color_gradient_start_position=&#8221;0%&#8221; background_color_gradient_end_position=&#8221;100%&#8221; parallax=&#8221;off&#8221; parallax_method=&#8221;on&#8221; background_size=&#8221;cover&#8221; background_position=&#8221;center&#8221; background_repeat=&#8221;no-repeat&#8221; background_blend=&#8221;normal&#8221; allow_player_pause=&#8221;off&#8221; text_orientation=&#8221;left&#8221; field_background_color=&#8221;rgba(0,0,0,0)&#8221; form_field_font_select=&#8221;default&#8221; form_field_font=&#8221;||||&#8221; form_field_text_color=&#8221;#ffffff&#8221; input_border_radius=&#8221;10&#8243; use_border_color=&#8221;on&#8221; border_color=&#8221;#ffffff&#8221; border_width=&#8221;2&#8243; border_style=&#8221;solid&#8221; custom_css_main_element=&#8221;color:white;&#8221; \/][et_pb_contact_field field_title=&#8221;Email&#8221; field_type=&#8221;email&#8221; field_id=&#8221;Email_PL&#8221; required_mark=&#8221;on&#8221; fullwidth_field=&#8221;off&#8221; _builder_version=&#8221;3.0.76&#8243; checkbox_checked=&#8221;off&#8221; checkbox_options=&#8221;%91{%22value%22:%22Adres mejlowy%22,%22checked%22:0}%93&#8243; radio_options=&#8221;%91{%22value%22:%22Adres mejlowy%22,%22checked%22:0}%93&#8243; select_options=&#8221;%91{%22value%22:%22Adres mejlowy%22,%22checked%22:0}%93&#8243; min_length=&#8221;0&#8243; max_length=&#8221;0&#8243; allowed_symbols=&#8221;all&#8221; conditional_logic=&#8221;off&#8221; conditional_logic_relation=&#8221;off&#8221; conditional_logic_rules=&#8221;%91{%22field%22:%22name_pl%22,%22condition%22:%22is%22,%22value%22:%22%22}%93&#8243; background_color=&#8221;rgba(255,255,255,0)&#8221; use_background_color_gradient=&#8221;off&#8221; background_color_gradient_start=&#8221;#2b87da&#8221; background_color_gradient_end=&#8221;#29c4a9&#8243; background_color_gradient_type=&#8221;linear&#8221; background_color_gradient_direction=&#8221;180deg&#8221; background_color_gradient_direction_radial=&#8221;center&#8221; background_color_gradient_start_position=&#8221;0%&#8221; background_color_gradient_end_position=&#8221;100%&#8221; parallax=&#8221;off&#8221; parallax_method=&#8221;on&#8221; background_size=&#8221;cover&#8221; background_position=&#8221;center&#8221; background_repeat=&#8221;no-repeat&#8221; background_blend=&#8221;normal&#8221; allow_player_pause=&#8221;off&#8221; field_background_color=&#8221;rgba(0,0,0,0)&#8221; form_field_font_select=&#8221;default&#8221; form_field_font=&#8221;||||&#8221; form_field_text_color=&#8221;#ffffff&#8221; use_border_color=&#8221;on&#8221; border_color=&#8221;#ffffff&#8221; border_width=&#8221;2&#8243; border_style=&#8221;solid&#8221; text_orientation=&#8221;left&#8221; form_field_text_align=&#8221;left&#8221; input_border_radius=&#8221;10&#8243; \/][et_pb_contact_field field_title=&#8221;Wiadomo\u015b\u0107&#8221; field_type=&#8221;text&#8221; field_id=&#8221;Message_PL&#8221; required_mark=&#8221;on&#8221; fullwidth_field=&#8221;on&#8221; _builder_version=&#8221;3.0.76&#8243; checkbox_checked=&#8221;off&#8221; checkbox_options=&#8221;%91{%22value%22:%22Wiadomo\u015b\u0107%22,%22checked%22:0}%93&#8243; radio_options=&#8221;%91{%22value%22:%22Wiadomo\u015b\u0107%22,%22checked%22:0}%93&#8243; select_options=&#8221;%91{%22value%22:%22Wiadomo\u015b\u0107%22,%22checked%22:0}%93&#8243; min_length=&#8221;0&#8243; max_length=&#8221;0&#8243; allowed_symbols=&#8221;all&#8221; conditional_logic=&#8221;off&#8221; conditional_logic_relation=&#8221;off&#8221; conditional_logic_rules=&#8221;%91{%22field%22:%22name_pl%22,%22condition%22:%22is%22,%22value%22:%22%22}%93&#8243; use_background_color_gradient=&#8221;off&#8221; background_color_gradient_start=&#8221;#2b87da&#8221; background_color_gradient_end=&#8221;#29c4a9&#8243; background_color_gradient_type=&#8221;linear&#8221; background_color_gradient_direction=&#8221;180deg&#8221; background_color_gradient_direction_radial=&#8221;center&#8221; background_color_gradient_start_position=&#8221;0%&#8221; background_color_gradient_end_position=&#8221;100%&#8221; parallax=&#8221;off&#8221; parallax_method=&#8221;on&#8221; background_size=&#8221;cover&#8221; background_position=&#8221;center&#8221; background_repeat=&#8221;no-repeat&#8221; background_blend=&#8221;normal&#8221; allow_player_pause=&#8221;off&#8221; text_orientation=&#8221;left&#8221; field_background_color=&#8221;rgba(0,0,0,0)&#8221; form_field_font_select=&#8221;default&#8221; form_field_font=&#8221;||||&#8221; form_field_text_align=&#8221;left&#8221; form_field_text_color=&#8221;#ffffff&#8221; input_border_radius=&#8221;10&#8243; use_border_color=&#8221;on&#8221; border_color=&#8221;#ffffff&#8221; border_width=&#8221;2&#8243; border_style=&#8221;solid&#8221; \/]<\/p>\n<p>[\/et_pb_contact_form][\/et_pb_column][et_pb_column type=&#8221;1_3&#8243;][et_pb_text _builder_version=&#8221;3.0.89&#8243; background_layout=&#8221;dark&#8221; border_style=&#8221;solid&#8221; custom_padding=&#8221;45px|45px||&#8221;]<\/p>\n<h2 style=\"text-align: right;\">kompea.pl sp. z o.o.<\/h2>\n<p style=\"text-align: right; font-size: 1.25em;\">ul. Okopowa 47\/44<br \/>\n01-059 Warszawa<br \/>\ne: helpdesk@kompea.pl<br \/>\ntel: 727 44 22 44<br \/>\nNIP: 5272986466<\/p>\n<p>[\/et_pb_text][\/et_pb_column][\/et_pb_row][\/et_pb_section]<\/p>\n","protected":false},"excerpt":{"rendered":"<p>Czy wiesz, \u017ce naruszenie niekt\u00f3rych przepis\u00f3w dotycz\u0105cych ochrony danych osobowych, mo\u017ce skutkowa\u0107 kar\u0105 administracyjn\u0105 do wysoko\u015bci 20 milion\u00f3w Euro ? <div class=\"et_pb_row et_pb_row_0 et_pb_row_empty\">\n\t\t\t\t\n\t\t\t\t\n\t\t\t\t\n\t\t\t\t\n\t\t\t\t\n\t\t\t<\/div> Przygotuj si\u0119 na najgorsze. Jak najlepiej. &nbsp; Bezpiecze\u0144stwo IT to jeden z kluczowych element\u00f3w w obszarze dzia\u0142ania firmy, niestety cz\u0119sto niedoceniany.\u00a0 Proponujemy stworzenie i wdro\u017cenie procedur, kt\u00f3re ochroni\u0105 Pa\u0144stwa dane przed niepowo\u0142anym dost\u0119pem. Bazuj\u0105c [&hellip;]<\/p>\n","protected":false},"author":1,"featured_media":0,"parent":0,"menu_order":0,"comment_status":"closed","ping_status":"closed","template":"","meta":{"_et_pb_use_builder":"on","_et_pb_old_content":"","_et_gb_content_width":"","footnotes":""},"class_list":["post-470","page","type-page","status-publish","hentry"],"_links":{"self":[{"href":"https:\/\/kompea.pl\/index.php\/wp-json\/wp\/v2\/pages\/470"}],"collection":[{"href":"https:\/\/kompea.pl\/index.php\/wp-json\/wp\/v2\/pages"}],"about":[{"href":"https:\/\/kompea.pl\/index.php\/wp-json\/wp\/v2\/types\/page"}],"author":[{"embeddable":true,"href":"https:\/\/kompea.pl\/index.php\/wp-json\/wp\/v2\/users\/1"}],"replies":[{"embeddable":true,"href":"https:\/\/kompea.pl\/index.php\/wp-json\/wp\/v2\/comments?post=470"}],"version-history":[{"count":34,"href":"https:\/\/kompea.pl\/index.php\/wp-json\/wp\/v2\/pages\/470\/revisions"}],"predecessor-version":[{"id":802,"href":"https:\/\/kompea.pl\/index.php\/wp-json\/wp\/v2\/pages\/470\/revisions\/802"}],"wp:attachment":[{"href":"https:\/\/kompea.pl\/index.php\/wp-json\/wp\/v2\/media?parent=470"}],"curies":[{"name":"wp","href":"https:\/\/api.w.org\/{rel}","templated":true}]}}