{"id":532,"date":"2017-09-25T18:25:23","date_gmt":"2017-09-25T16:25:23","guid":{"rendered":"http:\/\/kompea.pl\/?page_id=532"},"modified":"2023-12-15T10:18:01","modified_gmt":"2023-12-15T09:18:01","slug":"company-websites","status":"publish","type":"page","link":"https:\/\/kompea.pl\/index.php\/en\/company-websites\/","title":{"rendered":"Company websites"},"content":{"rendered":"<p>[et_pb_section bb_built=&#8221;1&#8243; _builder_version=&#8221;3.0.76&#8243; custom_margin=&#8221;0px||0px|&#8221; custom_padding=&#8221;0px||0px|&#8221;][et_pb_row _builder_version=&#8221;3.0.76&#8243; background_image=&#8221;https:\/\/kompea.pl\/wp-content\/uploads\/2017\/09\/labirynt.jpg&#8221; module_alignment=&#8221;center&#8221; custom_margin=&#8221;0px|0px|0px|0px&#8221; make_fullwidth=&#8221;on&#8221; custom_css_main_element=&#8221;min-width:100% !important;&#8221; custom_padding=&#8221;0px||0px|&#8221;][et_pb_column type=&#8221;4_4&#8243;][et_pb_text _builder_version=&#8221;3.0.76&#8243; background_color=&#8221;rgba(0,0,0,0.3)&#8221; background_layout=&#8221;dark&#8221; header_text_align=&#8221;center&#8221; border_style=&#8221;solid&#8221; custom_margin=&#8221;|0px||0px&#8221; custom_padding=&#8221;150px|0px|180px|0px&#8221; custom_css_main_element=&#8221;min-width:100%;&#8221; text_orientation=&#8221;center&#8221; max_width=&#8221;65%&#8221; module_alignment=&#8221;center&#8221;]<\/p>\n<h2 style=\"text-align: center; font-size: 3em;\">Bright side of your company.<\/h2>\n<h2 style=\"text-align: center; font-size: 3em;\">Website.<\/h2>\n<p>[\/et_pb_text][\/et_pb_column][\/et_pb_row][\/et_pb_section][et_pb_section bb_built=&#8221;1&#8243; fullwidth=&#8221;off&#8221; specialty=&#8221;off&#8221;][et_pb_row][et_pb_column type=&#8221;4_4&#8243;][et_pb_text _builder_version=&#8221;3.0.76&#8243; background_layout=&#8221;light&#8221; border_style=&#8221;solid&#8221;]<\/p>\n<h2>Websites<\/h2>\n<p>&nbsp;<\/p>\n<p>Below you can see some of the projects we realized in recent years.<\/p>\n<p>We create responsive websites based on WordPress, or programmed without CMS using HTML, CSS and PHP. Graphic layouts are designed by our specialists or can be delivered by customer.<\/p>\n<p><a href=\"#contact\">Contact<\/a> as to get an offer for you.<\/p>\n<p>&nbsp;<\/p>\n<p>[\/et_pb_text][et_pb_portfolio _builder_version=&#8221;3.0.76&#8243; include_categories=&#8221;27&#8243; show_title=&#8221;on&#8221; show_categories=&#8221;off&#8221; show_pagination=&#8221;on&#8221; fullwidth=&#8221;off&#8221; zoom_icon_color=&#8221;#76e613&#8243; hover_overlay_color=&#8221;rgba(255,255,255,0.9)&#8221; background_layout=&#8221;light&#8221; pagination_font_size_tablet=&#8221;51&#8243; pagination_line_height_tablet=&#8221;2&#8243; border_style=&#8221;solid&#8221; text_orientation=&#8221;center&#8221; title_text_align=&#8221;center&#8221; posts_number=&#8221;9&#8243; title_font_size=&#8221;16&#8243; module_class=&#8221;three-column-grid&#8221; \/][\/et_pb_column][\/et_pb_row][\/et_pb_section][et_pb_section bb_built=&#8221;1&#8243; fullwidth=&#8221;off&#8221; specialty=&#8221;off&#8221; _builder_version=&#8221;3.0.76&#8243; background_image=&#8221;https:\/\/kompea.pl\/wp-content\/uploads\/2017\/09\/kontakt-1.png&#8221; background_position=&#8221;bottom_left&#8221; custom_margin=&#8221;0px||0px|&#8221; custom_padding=&#8221;0px||0px|&#8221; module_id=&#8221;contact&#8221;][et_pb_row _builder_version=&#8221;3.0.76&#8243; background_color=&#8221;rgba(0,0,0,0.47)&#8221; make_fullwidth=&#8221;on&#8221; custom_css_main_element=&#8221;min-width:100% !important; color:white;&#8221; padding_top_1=&#8221;50px&#8221; padding_bottom_1=&#8221;50px&#8221; padding_top_2=&#8221;50px&#8221; padding_bottom_2=&#8221;50px&#8221; custom_padding=&#8221;|50px||50px&#8221; make_equal=&#8221;on&#8221;][et_pb_column type=&#8221;2_3&#8243;][et_pb_contact_form _builder_version=&#8221;3.0.76&#8243; captcha=&#8221;on&#8221; use_redirect=&#8221;off&#8221; input_border_radius=&#8221;10&#8243; border_style=&#8221;solid&#8221; custom_button=&#8221;on&#8221; button_letter_spacing=&#8221;0&#8243; button_icon_placement=&#8221;right&#8221; button_letter_spacing_hover=&#8221;0&#8243; title_text_color=&#8221;#ffffff&#8221; form_background_color=&#8221;rgba(255,255,255,0)&#8221; form_field_text_color=&#8221;#ffffff&#8221; button_text_color=&#8221;#ffffff&#8221; button_border_color=&#8221;#ffffff&#8221; button_bg_color_hover=&#8221;rgba(255,255,255,0.2)&#8221; use_border_color=&#8221;on&#8221; border_width=&#8221;2px&#8221; title=&#8221;Contact us&#8221; success_message=&#8221;Thank you for your message. We&#8217;ll respond as soon as possible.&#8221; submit_button_text=&#8221;Send&#8221; email=&#8221;info@kompea.pl&#8221; custom_css_before=&#8221;color:white;&#8221; custom_css_main_element=&#8221;color:white;&#8221; custom_css_after=&#8221;color:white;&#8221; custom_css_captcha_field=&#8221;color:white;&#8221; custom_css_captcha_label=&#8221;color:white;&#8221; border_width_all=&#8221;2px&#8221; border_style_all=&#8221;solid&#8221; border_radii=&#8221;on|10px|10px|10px|10px&#8221; border_color_all=&#8221;#ffffff&#8221;]<\/p>\n<p>[et_pb_contact_field field_title=&#8221;Name&#8221; field_type=&#8221;input&#8221; field_id=&#8221;Name_EN&#8221; required_mark=&#8221;on&#8221; fullwidth_field=&#8221;off&#8221; _builder_version=&#8221;3.0.76&#8243; checkbox_checked=&#8221;off&#8221; checkbox_options=&#8221;%91{%22value%22:%22Nazwa%22,%22checked%22:0}%93&#8243; radio_options=&#8221;%91{%22value%22:%22Nazwa%22,%22checked%22:0}%93&#8243; select_options=&#8221;%91{%22value%22:%22Nazwa%22,%22checked%22:0}%93&#8243; min_length=&#8221;0&#8243; max_length=&#8221;0&#8243; allowed_symbols=&#8221;all&#8221; conditional_logic=&#8221;off&#8221; conditional_logic_relation=&#8221;off&#8221; conditional_logic_rules=&#8221;%91{%22field%22:%22email_en%22,%22condition%22:%22is%22,%22value%22:%22%22}%93&#8243; use_background_color_gradient=&#8221;off&#8221; background_color_gradient_start=&#8221;#2b87da&#8221; background_color_gradient_end=&#8221;#29c4a9&#8243; background_color_gradient_type=&#8221;linear&#8221; background_color_gradient_direction=&#8221;180deg&#8221; background_color_gradient_direction_radial=&#8221;center&#8221; background_color_gradient_start_position=&#8221;0%&#8221; background_color_gradient_end_position=&#8221;100%&#8221; parallax=&#8221;off&#8221; parallax_method=&#8221;on&#8221; background_size=&#8221;cover&#8221; background_position=&#8221;center&#8221; background_repeat=&#8221;no-repeat&#8221; background_blend=&#8221;normal&#8221; allow_player_pause=&#8221;off&#8221; form_field_font_select=&#8221;default&#8221; form_field_font=&#8221;||||&#8221; input_border_radius=&#8221;0&#8243; use_border_color=&#8221;off&#8221; border_style=&#8221;solid&#8221; \/][et_pb_contact_field field_title=&#8221;Email&#8221; field_type=&#8221;email&#8221; field_id=&#8221;Email_EN&#8221; required_mark=&#8221;on&#8221; fullwidth_field=&#8221;off&#8221; _builder_version=&#8221;3.0.76&#8243; checkbox_checked=&#8221;off&#8221; checkbox_options=&#8221;%91{%22value%22:%22Adres mejlowy%22,%22checked%22:0}%93&#8243; radio_options=&#8221;%91{%22value%22:%22Adres mejlowy%22,%22checked%22:0}%93&#8243; select_options=&#8221;%91{%22value%22:%22Adres mejlowy%22,%22checked%22:0}%93&#8243; min_length=&#8221;0&#8243; max_length=&#8221;0&#8243; allowed_symbols=&#8221;all&#8221; conditional_logic=&#8221;off&#8221; conditional_logic_relation=&#8221;off&#8221; conditional_logic_rules=&#8221;%91{%22field%22:%22name%22,%22condition%22:%22is%22,%22value%22:%22%22}%93&#8243; use_background_color_gradient=&#8221;off&#8221; background_color_gradient_start=&#8221;#2b87da&#8221; background_color_gradient_end=&#8221;#29c4a9&#8243; background_color_gradient_type=&#8221;linear&#8221; background_color_gradient_direction=&#8221;180deg&#8221; background_color_gradient_direction_radial=&#8221;center&#8221; background_color_gradient_start_position=&#8221;0%&#8221; background_color_gradient_end_position=&#8221;100%&#8221; parallax=&#8221;off&#8221; parallax_method=&#8221;on&#8221; background_size=&#8221;cover&#8221; background_position=&#8221;center&#8221; background_repeat=&#8221;no-repeat&#8221; background_blend=&#8221;normal&#8221; allow_player_pause=&#8221;off&#8221; form_field_font_select=&#8221;default&#8221; form_field_font=&#8221;||||&#8221; input_border_radius=&#8221;0&#8243; use_border_color=&#8221;off&#8221; border_style=&#8221;solid&#8221; \/][et_pb_contact_field field_title=&#8221;Message&#8221; field_type=&#8221;text&#8221; field_id=&#8221;Message_EN&#8221; required_mark=&#8221;on&#8221; fullwidth_field=&#8221;on&#8221; _builder_version=&#8221;3.0.76&#8243; checkbox_checked=&#8221;off&#8221; checkbox_options=&#8221;%91{%22value%22:%22Wiadomo\u015b\u0107%22,%22checked%22:0}%93&#8243; radio_options=&#8221;%91{%22value%22:%22Wiadomo\u015b\u0107%22,%22checked%22:0}%93&#8243; select_options=&#8221;%91{%22value%22:%22Wiadomo\u015b\u0107%22,%22checked%22:0}%93&#8243; min_length=&#8221;0&#8243; max_length=&#8221;0&#8243; allowed_symbols=&#8221;all&#8221; conditional_logic=&#8221;off&#8221; conditional_logic_relation=&#8221;off&#8221; conditional_logic_rules=&#8221;%91{%22field%22:%22name_en%22,%22condition%22:%22is%22,%22value%22:%22%22}%93&#8243; use_background_color_gradient=&#8221;off&#8221; background_color_gradient_start=&#8221;#2b87da&#8221; background_color_gradient_end=&#8221;#29c4a9&#8243; background_color_gradient_type=&#8221;linear&#8221; background_color_gradient_direction=&#8221;180deg&#8221; background_color_gradient_direction_radial=&#8221;center&#8221; background_color_gradient_start_position=&#8221;0%&#8221; background_color_gradient_end_position=&#8221;100%&#8221; parallax=&#8221;off&#8221; parallax_method=&#8221;on&#8221; background_size=&#8221;cover&#8221; background_position=&#8221;center&#8221; background_repeat=&#8221;no-repeat&#8221; background_blend=&#8221;normal&#8221; allow_player_pause=&#8221;off&#8221; form_field_font_select=&#8221;default&#8221; form_field_font=&#8221;||||&#8221; input_border_radius=&#8221;0&#8243; use_border_color=&#8221;off&#8221; border_style=&#8221;solid&#8221; \/]<\/p>\n<p>[\/et_pb_contact_form][\/et_pb_column][et_pb_column type=&#8221;1_3&#8243;][et_pb_text _builder_version=&#8221;3.0.89&#8243; background_layout=&#8221;dark&#8221; border_style=&#8221;solid&#8221;]<\/p>\n<h3 style=\"text-align: right;\">kompea.pl sp. z o.o.<\/h3>\n<p style=\"text-align: right;\">47 Okopowa street #44<br \/>\n01-059 Warszawa<br \/>\ne: helpdesk@kompea.pl<br \/>\ntel: 727 44 22 44<br \/>\nTax no.: 5272986466<\/p>\n<p>[\/et_pb_text][\/et_pb_column][\/et_pb_row][\/et_pb_section]<\/p>\n","protected":false},"excerpt":{"rendered":"<p>Bright side of your company. Website. <div class=\"et_pb_row et_pb_row_0 et_pb_row_empty\">\n\t\t\t\t\n\t\t\t\t\n\t\t\t\t\n\t\t\t\t\n\t\t\t\t\n\t\t\t<\/div> Websites &nbsp; Below you can see some of the projects we realized in recent years. We create responsive websites based on Wordpress, or programmed without CMS using HTML, CSS and PHP. Graphic layouts are designed by our specialists or can be delivered by customer. Contact as to get [&hellip;]<\/p>\n","protected":false},"author":1,"featured_media":0,"parent":0,"menu_order":0,"comment_status":"closed","ping_status":"closed","template":"","meta":{"_et_pb_use_builder":"on","_et_pb_old_content":"","_et_gb_content_width":"","footnotes":""},"class_list":["post-532","page","type-page","status-publish","hentry"],"_links":{"self":[{"href":"https:\/\/kompea.pl\/index.php\/wp-json\/wp\/v2\/pages\/532"}],"collection":[{"href":"https:\/\/kompea.pl\/index.php\/wp-json\/wp\/v2\/pages"}],"about":[{"href":"https:\/\/kompea.pl\/index.php\/wp-json\/wp\/v2\/types\/page"}],"author":[{"embeddable":true,"href":"https:\/\/kompea.pl\/index.php\/wp-json\/wp\/v2\/users\/1"}],"replies":[{"embeddable":true,"href":"https:\/\/kompea.pl\/index.php\/wp-json\/wp\/v2\/comments?post=532"}],"version-history":[{"count":7,"href":"https:\/\/kompea.pl\/index.php\/wp-json\/wp\/v2\/pages\/532\/revisions"}],"predecessor-version":[{"id":797,"href":"https:\/\/kompea.pl\/index.php\/wp-json\/wp\/v2\/pages\/532\/revisions\/797"}],"wp:attachment":[{"href":"https:\/\/kompea.pl\/index.php\/wp-json\/wp\/v2\/media?parent=532"}],"curies":[{"name":"wp","href":"https:\/\/api.w.org\/{rel}","templated":true}]}}